{"id":2402,"date":"2021-01-15T20:48:20","date_gmt":"2021-01-15T20:48:20","guid":{"rendered":"https:\/\/bellawista.html5apps.info\/?page_id=2402"},"modified":"2021-02-19T18:27:20","modified_gmt":"2021-02-19T19:27:20","slug":"faza-1-2","status":"publish","type":"page","link":"https:\/\/bellavista.rs\/index.php\/faza-1-2\/","title":{"rendered":"Faza 1"},"content":{"rendered":"\t\t<div data-elementor-type=\"wp-page\" data-elementor-id=\"2402\" class=\"elementor elementor-2402\" data-elementor-settings=\"[]\">\n\t\t\t\t\t\t<div class=\"elementor-inner\">\n\t\t\t\t\t\t\t<div class=\"elementor-section-wrap\">\n\t\t\t\t\t\t\t<section class=\"elementor-section elementor-top-section elementor-element elementor-element-98a6670 elementor-section-boxed elementor-section-height-default elementor-section-height-default gs-locked-section-no\" data-id=\"98a6670\" data-element_type=\"section\">\n\t\t\t\t\t\t<div class=\"elementor-container elementor-column-gap-default\">\n\t\t\t\t\t\t\t<div class=\"elementor-row\">\n\t\t\t\t\t<div class=\"elementor-column elementor-col-100 elementor-top-column elementor-element elementor-element-225a9ae\" data-id=\"225a9ae\" data-element_type=\"column\">\n\t\t\t<div class=\"elementor-column-wrap elementor-element-populated\">\n\t\t\t\t\t\t\t<div class=\"elementor-widget-wrap\">\n\t\t\t\t\t\t<div class=\"elementor-element elementor-element-cbacf2e elementor-widget elementor-widget-text-editor\" data-id=\"cbacf2e\" data-element_type=\"widget\" data-widget_type=\"text-editor.default\">\n\t\t\t\t<div class=\"elementor-widget-container\">\n\t\t\t\t\t<div class=\"elementor-text-editor elementor-clearfix\"><h4>\u0160ematski prikaz osnove stambenog objekta na slici prikazuje polo\u017eaj tipskih stanova u samom objektu. Na njemu se nalazi 12 polja: Svako polje ozna\u010dava drugi tipski stan u drugoj vertikali. (Tipski stan ozna\u0107ava svaki stan u istoj vertikali na razli\u010ditim eta\u017eama). Za dalji pregled kliknite na zeljenu vertikalu.<\/h4><\/div>\n\t\t\t\t<\/div>\n\t\t\t\t<\/div>\n\t\t\t\t<div class=\"elementor-element elementor-element-5f5c2bf elementor-widget elementor-widget-slider_revolution\" data-id=\"5f5c2bf\" data-element_type=\"widget\" data-widget_type=\"slider_revolution.default\">\n\t\t\t\t<div class=\"elementor-widget-container\">\n\t\t\t\r\n\t\t<div class=\"wp-block-themepunch-revslider\">\n\t\t\t<!-- START Slider 9 REVOLUTION SLIDER 6.2.22 --><p class=\"rs-p-wp-fix\"><\/p>\n\t\t\t<rs-module-wrap id=\"rev_slider_13_1_wrapper\" data-source=\"gallery\" style=\"background:transparent;padding:0;margin:0px auto;margin-top:0;margin-bottom:0;\">\n\t\t\t\t<rs-module id=\"rev_slider_13_1\" style=\"\" data-version=\"6.2.22\">\n\t\t\t\t\t<rs-slides>\n\t\t\t\t\t\t<rs-slide data-key=\"rs-27\" data-title=\"Slide\" data-anim=\"ei:d;eo:d;s:1000;r:0;t:fade;sl:0;\">\n\t\t\t\t\t\t\t<img loading=\"lazy\" src=\"\/\/bellavista.rs\/wp-content\/uploads\/2021\/01\/OSNOVA-SPRATA-SA-POLOZAJEM-STANOVA-scaled.jpg\" title=\"OSNOVA SPRATA SA POLOZAJEM STANOVA\" width=\"2560\" height=\"1440\" data-bg=\"f:contain;\" class=\"rev-slidebg\" data-no-retina>\n<!--\n\t\t\t\t\t\t\t--><a\n\t\t\t\t\t\t\t\tid=\"slider-13-slide-27-layer-0\" \n\t\t\t\t\t\t\t\tclass=\"rs-layer rev-btn\"\n\t\t\t\t\t\t\t\thref=\"https:\/\/bellavista.rs\/index.php\/tipski-stan-12-faza-1\/\" target=\"_self\" rel=\"nofollow\"\n\t\t\t\t\t\t\t\tdata-type=\"button\"\n\t\t\t\t\t\t\t\tdata-color=\"#ffffff\"\n\t\t\t\t\t\t\t\tdata-rsp_ch=\"on\"\n\t\t\t\t\t\t\t\tdata-xy=\"x:398px;y:306px;\"\n\t\t\t\t\t\t\t\tdata-text=\"w:normal;s:25;l:33;fw:500;a:center;\"\n\t\t\t\t\t\t\t\tdata-dim=\"w:153;h:103px;minh:0;\"\n\t\t\t\t\t\t\t\tdata-padding=\"r:20;l:20;\"\n\t\t\t\t\t\t\t\tdata-border=\"bor:16px,16px,16px,16px;\"\n\t\t\t\t\t\t\t\tdata-frame_999=\"o:0;st:w;\"\n\t\t\t\t\t\t\t\tdata-frame_hover=\"c:#fff;bgc:#000;bor:16px,16px,16px,16px;\"\n\t\t\t\t\t\t\t\tstyle=\"z-index:5;background-color:#d30000;font-family:Roboto;\"\n\t\t\t\t\t\t\t>TIPSKI <br \/>\nSTAN 03A \n\t\t\t\t\t\t\t<\/a><!--\n\n\t\t\t\t\t\t\t--><a\n\t\t\t\t\t\t\t\tid=\"slider-13-slide-27-layer-12\" \n\t\t\t\t\t\t\t\tclass=\"rs-layer rev-btn\"\n\t\t\t\t\t\t\t\thref=\"https:\/\/bellavista.rs\/index.php\/tipski-stan-11-faza-1\/\" target=\"_self\" rel=\"nofollow\"\n\t\t\t\t\t\t\t\tdata-type=\"button\"\n\t\t\t\t\t\t\t\tdata-color=\"#ffffff\"\n\t\t\t\t\t\t\t\tdata-rsp_ch=\"on\"\n\t\t\t\t\t\t\t\tdata-xy=\"x:581px;y:307px;\"\n\t\t\t\t\t\t\t\tdata-text=\"w:normal;s:25;l:32;fw:500;a:center;\"\n\t\t\t\t\t\t\t\tdata-dim=\"w:151;h:100px;minh:0;\"\n\t\t\t\t\t\t\t\tdata-padding=\"r:20;l:20;\"\n\t\t\t\t\t\t\t\tdata-border=\"bor:16px,16px,16px,16px;\"\n\t\t\t\t\t\t\t\tdata-frame_999=\"o:0;st:w;\"\n\t\t\t\t\t\t\t\tdata-frame_hover=\"c:#fff;bgc:#000;bor:16px,16px,16px,16px;\"\n\t\t\t\t\t\t\t\tstyle=\"z-index:5;background-color:#d30000;font-family:Roboto;\"\n\t\t\t\t\t\t\t>TIPSKI <br \/>\nSTAN 04A \n\t\t\t\t\t\t\t<\/a><!--\n\n\t\t\t\t\t\t\t--><a\n\t\t\t\t\t\t\t\tid=\"slider-13-slide-27-layer-13\" \n\t\t\t\t\t\t\t\tclass=\"rs-layer rev-btn\"\n\t\t\t\t\t\t\t\thref=\"https:\/\/bellavista.rs\/index.php\/tipski-stan-10-faza-1\/\" target=\"_self\" rel=\"nofollow\"\n\t\t\t\t\t\t\t\tdata-type=\"button\"\n\t\t\t\t\t\t\t\tdata-color=\"#ffffff\"\n\t\t\t\t\t\t\t\tdata-rsp_ch=\"on\"\n\t\t\t\t\t\t\t\tdata-xy=\"x:747px;y:306px;\"\n\t\t\t\t\t\t\t\tdata-text=\"w:normal;s:24;l:31;fw:500;a:center;\"\n\t\t\t\t\t\t\t\tdata-dim=\"w:138;h:74;minh:0;\"\n\t\t\t\t\t\t\t\tdata-padding=\"r:19;l:19;\"\n\t\t\t\t\t\t\t\tdata-border=\"bor:16px,16px,16px,16px;\"\n\t\t\t\t\t\t\t\tdata-frame_999=\"o:0;st:w;\"\n\t\t\t\t\t\t\t\tdata-frame_hover=\"c:#fff;bgc:#000;bor:16px,16px,16px,16px;\"\n\t\t\t\t\t\t\t\tstyle=\"z-index:5;background-color:#d30000;font-family:Roboto;\"\n\t\t\t\t\t\t\t>TIPSKI <br \/>\nSTAN 5 \n\t\t\t\t\t\t\t<\/a><!--\n\n\t\t\t\t\t\t\t--><a\n\t\t\t\t\t\t\t\tid=\"slider-13-slide-27-layer-14\" \n\t\t\t\t\t\t\t\tclass=\"rs-layer rev-btn\"\n\t\t\t\t\t\t\t\thref=\"https:\/\/bellavista.rs\/index.php\/tipski-stan-9-faza-1\/\" target=\"_self\" rel=\"nofollow\"\n\t\t\t\t\t\t\t\tdata-type=\"button\"\n\t\t\t\t\t\t\t\tdata-color=\"#ffffff\"\n\t\t\t\t\t\t\t\tdata-rsp_ch=\"on\"\n\t\t\t\t\t\t\t\tdata-xy=\"x:911px;y:308px;\"\n\t\t\t\t\t\t\t\tdata-text=\"w:normal;s:25;l:31;fw:500;a:center;\"\n\t\t\t\t\t\t\t\tdata-dim=\"w:149;h:77;minh:0;\"\n\t\t\t\t\t\t\t\tdata-padding=\"r:21;l:21;\"\n\t\t\t\t\t\t\t\tdata-border=\"bor:16px,16px,16px,16px;\"\n\t\t\t\t\t\t\t\tdata-frame_999=\"o:0;st:w;\"\n\t\t\t\t\t\t\t\tdata-frame_hover=\"c:#fff;bgc:#000;bor:16px,16px,16px,16px;\"\n\t\t\t\t\t\t\t\tstyle=\"z-index:5;background-color:#d30000;font-family:Roboto;\"\n\t\t\t\t\t\t\t>TIPSKI <br \/>\nSTAN 06 \n\t\t\t\t\t\t\t<\/a><!--\n\n\t\t\t\t\t\t\t--><a\n\t\t\t\t\t\t\t\tid=\"slider-13-slide-27-layer-15\" \n\t\t\t\t\t\t\t\tclass=\"rs-layer rev-btn\"\n\t\t\t\t\t\t\t\thref=\"https:\/\/bellavista.rs\/index.php\/tipski-stan-8-faza-1\/\" target=\"_self\" rel=\"nofollow\"\n\t\t\t\t\t\t\t\tdata-type=\"button\"\n\t\t\t\t\t\t\t\tdata-color=\"#ffffff\"\n\t\t\t\t\t\t\t\tdata-rsp_ch=\"on\"\n\t\t\t\t\t\t\t\tdata-xy=\"x:1095px;y:305px;\"\n\t\t\t\t\t\t\t\tdata-text=\"w:normal;s:24;l:31;fw:500;a:center;\"\n\t\t\t\t\t\t\t\tdata-dim=\"w:144;h:75;minh:0;\"\n\t\t\t\t\t\t\t\tdata-padding=\"r:19;l:19;\"\n\t\t\t\t\t\t\t\tdata-border=\"bor:16px,16px,16px,16px;\"\n\t\t\t\t\t\t\t\tdata-frame_999=\"o:0;st:w;\"\n\t\t\t\t\t\t\t\tdata-frame_hover=\"c:#fff;bgc:#000;bor:16px,16px,16px,16px;\"\n\t\t\t\t\t\t\t\tstyle=\"z-index:5;background-color:#d30000;font-family:Roboto;\"\n\t\t\t\t\t\t\t>TIPSKI <br \/>\nSTAN 07 \n\t\t\t\t\t\t\t<\/a><!--\n\n\t\t\t\t\t\t\t--><a\n\t\t\t\t\t\t\t\tid=\"slider-13-slide-27-layer-16\" \n\t\t\t\t\t\t\t\tclass=\"rs-layer rev-btn\"\n\t\t\t\t\t\t\t\thref=\"https:\/\/bellavista.rs\/index.php\/tipski-stan-7-faza-1\/\" target=\"_self\" rel=\"nofollow\"\n\t\t\t\t\t\t\t\tdata-type=\"button\"\n\t\t\t\t\t\t\t\tdata-color=\"#ffffff\"\n\t\t\t\t\t\t\t\tdata-rsp_ch=\"on\"\n\t\t\t\t\t\t\t\tdata-xy=\"x:1294px;y:307px;\"\n\t\t\t\t\t\t\t\tdata-text=\"w:normal;s:24;l:31;fw:500;a:center;\"\n\t\t\t\t\t\t\t\tdata-dim=\"w:167;h:75;minh:0;\"\n\t\t\t\t\t\t\t\tdata-padding=\"r:20;l:20;\"\n\t\t\t\t\t\t\t\tdata-border=\"bor:16px,16px,16px,16px;\"\n\t\t\t\t\t\t\t\tdata-frame_999=\"o:0;st:w;\"\n\t\t\t\t\t\t\t\tdata-frame_hover=\"c:#fff;bgc:#000;bor:16px,16px,16px,16px;\"\n\t\t\t\t\t\t\t\tstyle=\"z-index:5;background-color:#d30000;font-family:Roboto;\"\n\t\t\t\t\t\t\t>TIPSKI <br \/>\nSTAN 08 \n\t\t\t\t\t\t\t<\/a><!--\n\n\t\t\t\t\t\t\t--><a\n\t\t\t\t\t\t\t\tid=\"slider-13-slide-27-layer-17\" \n\t\t\t\t\t\t\t\tclass=\"rs-layer rev-btn\"\n\t\t\t\t\t\t\t\thref=\"https:\/\/bellavista.rs\/index.php\/tipski-stan-6-faza-1\/\" target=\"_self\" rel=\"nofollow\"\n\t\t\t\t\t\t\t\tdata-type=\"button\"\n\t\t\t\t\t\t\t\tdata-color=\"#ffffff\"\n\t\t\t\t\t\t\t\tdata-rsp_ch=\"on\"\n\t\t\t\t\t\t\t\tdata-xy=\"x:1419px;y:537px;\"\n\t\t\t\t\t\t\t\tdata-text=\"w:normal;s:24;l:31;fw:500;a:center;\"\n\t\t\t\t\t\t\t\tdata-dim=\"w:154;h:78;minh:0;\"\n\t\t\t\t\t\t\t\tdata-padding=\"r:19;l:19;\"\n\t\t\t\t\t\t\t\tdata-border=\"bor:16px,16px,16px,16px;\"\n\t\t\t\t\t\t\t\tdata-frame_999=\"o:0;st:w;\"\n\t\t\t\t\t\t\t\tdata-frame_hover=\"c:#fff;bgc:#000;bor:16px,16px,16px,16px;\"\n\t\t\t\t\t\t\t\tstyle=\"z-index:5;background-color:#d30000;font-family:Roboto;\"\n\t\t\t\t\t\t\t>TIPSKI <br \/>\nSTAN 01 \n\t\t\t\t\t\t\t<\/a><!--\n\n\t\t\t\t\t\t\t--><a\n\t\t\t\t\t\t\t\tid=\"slider-13-slide-27-layer-18\" \n\t\t\t\t\t\t\t\tclass=\"rs-layer rev-btn\"\n\t\t\t\t\t\t\t\thref=\"https:\/\/bellavista.rs\/index.php\/tipski-stan-5-faza-1\/\" target=\"_self\" rel=\"nofollow\"\n\t\t\t\t\t\t\t\tdata-type=\"button\"\n\t\t\t\t\t\t\t\tdata-color=\"#ffffff\"\n\t\t\t\t\t\t\t\tdata-rsp_ch=\"on\"\n\t\t\t\t\t\t\t\tdata-xy=\"x:1258px;y:533px;\"\n\t\t\t\t\t\t\t\tdata-text=\"w:normal;s:24;l:30;fw:500;a:center;\"\n\t\t\t\t\t\t\t\tdata-dim=\"w:133;h:74;minh:0;\"\n\t\t\t\t\t\t\t\tdata-padding=\"r:19;l:19;\"\n\t\t\t\t\t\t\t\tdata-border=\"bor:16px,16px,16px,16px;\"\n\t\t\t\t\t\t\t\tdata-frame_999=\"o:0;st:w;\"\n\t\t\t\t\t\t\t\tdata-frame_hover=\"c:#fff;bgc:#000;bor:16px,16px,16px,16px;\"\n\t\t\t\t\t\t\t\tstyle=\"z-index:5;background-color:#d30000;font-family:Roboto;\"\n\t\t\t\t\t\t\t>TIPSKI <br \/>\nSTAN 02 \n\t\t\t\t\t\t\t<\/a><!--\n\n\t\t\t\t\t\t\t--><a\n\t\t\t\t\t\t\t\tid=\"slider-13-slide-27-layer-19\" \n\t\t\t\t\t\t\t\tclass=\"rs-layer rev-btn\"\n\t\t\t\t\t\t\t\thref=\"https:\/\/bellavista.rs\/index.php\/tipski-stan-4-faza-1\/\" target=\"_self\" rel=\"nofollow\"\n\t\t\t\t\t\t\t\tdata-type=\"button\"\n\t\t\t\t\t\t\t\tdata-color=\"#ffffff\"\n\t\t\t\t\t\t\t\tdata-rsp_ch=\"on\"\n\t\t\t\t\t\t\t\tdata-xy=\"x:1087px;y:538px;\"\n\t\t\t\t\t\t\t\tdata-text=\"w:normal;s:23;l:31;fw:500;a:center;\"\n\t\t\t\t\t\t\t\tdata-dim=\"w:148;h:73;minh:0;\"\n\t\t\t\t\t\t\t\tdata-padding=\"r:19;l:19;\"\n\t\t\t\t\t\t\t\tdata-border=\"bor:16px,16px,16px,16px;\"\n\t\t\t\t\t\t\t\tdata-frame_999=\"o:0;st:w;\"\n\t\t\t\t\t\t\t\tdata-frame_hover=\"c:#fff;bgc:#000;bor:16px,16px,16px,16px;\"\n\t\t\t\t\t\t\t\tstyle=\"z-index:5;background-color:#d30000;font-family:Roboto;\"\n\t\t\t\t\t\t\t>TIPSKI <br \/>\nSTAN 03 \n\t\t\t\t\t\t\t<\/a><!--\n\n\t\t\t\t\t\t\t--><a\n\t\t\t\t\t\t\t\tid=\"slider-13-slide-27-layer-20\" \n\t\t\t\t\t\t\t\tclass=\"rs-layer rev-btn\"\n\t\t\t\t\t\t\t\thref=\"https:\/\/bellavista.rs\/index.php\/tipski-stan-3-faza-1-2\/\" target=\"_self\" rel=\"nofollow\"\n\t\t\t\t\t\t\t\tdata-type=\"button\"\n\t\t\t\t\t\t\t\tdata-color=\"#ffffff\"\n\t\t\t\t\t\t\t\tdata-rsp_ch=\"on\"\n\t\t\t\t\t\t\t\tdata-xy=\"x:896px;y:537px;\"\n\t\t\t\t\t\t\t\tdata-text=\"w:normal;s:26;l:33;fw:500;a:center;\"\n\t\t\t\t\t\t\t\tdata-dim=\"w:155;h:80;minh:0;\"\n\t\t\t\t\t\t\t\tdata-padding=\"r:21;l:21;\"\n\t\t\t\t\t\t\t\tdata-border=\"bor:16px,16px,16px,16px;\"\n\t\t\t\t\t\t\t\tdata-frame_999=\"o:0;st:w;\"\n\t\t\t\t\t\t\t\tdata-frame_hover=\"c:#fff;bgc:#000;bor:16px,16px,16px,16px;\"\n\t\t\t\t\t\t\t\tstyle=\"z-index:5;background-color:#d30000;font-family:Roboto;\"\n\t\t\t\t\t\t\t>TIPSKI <br \/>\nSTAN 04 \n\t\t\t\t\t\t\t<\/a><!--\n\n\t\t\t\t\t\t\t--><a\n\t\t\t\t\t\t\t\tid=\"slider-13-slide-27-layer-21\" \n\t\t\t\t\t\t\t\tclass=\"rs-layer rev-btn\"\n\t\t\t\t\t\t\t\thref=\"https:\/\/bellavista.rs\/index.php\/tipski-stan-2-faza-1\/\" target=\"_self\" rel=\"nofollow\"\n\t\t\t\t\t\t\t\tdata-type=\"button\"\n\t\t\t\t\t\t\t\tdata-color=\"#ffffff\"\n\t\t\t\t\t\t\t\tdata-rsp_ch=\"on\"\n\t\t\t\t\t\t\t\tdata-xy=\"x:573px;y:536px;\"\n\t\t\t\t\t\t\t\tdata-text=\"w:normal;s:24;l:31;fw:500;a:center;\"\n\t\t\t\t\t\t\t\tdata-dim=\"w:158;h:78px;minh:0;\"\n\t\t\t\t\t\t\t\tdata-padding=\"r:19;l:19;\"\n\t\t\t\t\t\t\t\tdata-border=\"bor:16px,16px,16px,16px;\"\n\t\t\t\t\t\t\t\tdata-frame_999=\"o:0;st:w;\"\n\t\t\t\t\t\t\t\tdata-frame_hover=\"c:#fff;bgc:#000;bor:16px,16px,16px,16px;\"\n\t\t\t\t\t\t\t\tstyle=\"z-index:5;background-color:#d30000;font-family:Roboto;\"\n\t\t\t\t\t\t\t>TIPSKI <br \/>\nSTAN 01A \n\t\t\t\t\t\t\t<\/a><!--\n\n\t\t\t\t\t\t\t--><a\n\t\t\t\t\t\t\t\tid=\"slider-13-slide-27-layer-22\" \n\t\t\t\t\t\t\t\tclass=\"rs-layer rev-btn\"\n\t\t\t\t\t\t\t\thref=\"https:\/\/bellavista.rs\/index.php\/tipski-stan-1-faza-1\/\" target=\"_self\" rel=\"nofollow\"\n\t\t\t\t\t\t\t\tdata-type=\"button\"\n\t\t\t\t\t\t\t\tdata-color=\"#ffffff\"\n\t\t\t\t\t\t\t\tdata-rsp_ch=\"on\"\n\t\t\t\t\t\t\t\tdata-xy=\"x:395px;y:520px;\"\n\t\t\t\t\t\t\t\tdata-text=\"w:normal;s:26;l:33;fw:500;a:center;\"\n\t\t\t\t\t\t\t\tdata-dim=\"w:156px;h:101px;minh:0;\"\n\t\t\t\t\t\t\t\tdata-padding=\"r:21;l:21;\"\n\t\t\t\t\t\t\t\tdata-border=\"bor:16px,16px,16px,16px;\"\n\t\t\t\t\t\t\t\tdata-frame_999=\"o:0;st:w;\"\n\t\t\t\t\t\t\t\tdata-frame_hover=\"c:#fff;bgc:#000;bor:16px,16px,16px,16px;\"\n\t\t\t\t\t\t\t\tstyle=\"z-index:5;background-color:#d30000;font-family:Roboto;\"\n\t\t\t\t\t\t\t>TIPSKI <br \/>\nSTAN 02A \n\t\t\t\t\t\t\t<\/a><!--\n-->\t\t\t\t\t\t<\/rs-slide>\n\t\t\t\t\t<\/rs-slides>\n\t\t\t\t<\/rs-module>\n\t\t\t\t<script type=\"text\/javascript\">\n\t\t\t\t\tsetREVStartSize({c: 'rev_slider_13_1',rl:[1240,1024,778,480],el:[900],gw:[2000],gh:[900],type:'standard',justify:'',layout:'fullwidth',mh:\"0\"});\n\t\t\t\t\tvar\trevapi13,\n\t\t\t\t\t\ttpj;\n\t\t\t\t\tfunction revinit_revslider131() {\n\t\t\t\t\tjQuery(function() {\n\t\t\t\t\t\ttpj = jQuery;\n\t\t\t\t\t\trevapi13 = tpj(\"#rev_slider_13_1\");\n\t\t\t\t\t\tif(revapi13==undefined || revapi13.revolution == undefined){\n\t\t\t\t\t\t\trevslider_showDoubleJqueryError(\"rev_slider_13_1\");\n\t\t\t\t\t\t}else{\n\t\t\t\t\t\t\trevapi13.revolution({\n\t\t\t\t\t\t\t\tsliderLayout:\"fullwidth\",\n\t\t\t\t\t\t\t\tvisibilityLevels:\"1240,1024,778,480\",\n\t\t\t\t\t\t\t\tgridwidth:2000,\n\t\t\t\t\t\t\t\tgridheight:900,\n\t\t\t\t\t\t\t\tspinner:\"spinner0\",\n\t\t\t\t\t\t\t\tperspective:600,\n\t\t\t\t\t\t\t\tperspectiveType:\"global\",\n\t\t\t\t\t\t\t\teditorheight:\"900,768,960,347.986\",\n\t\t\t\t\t\t\t\tresponsiveLevels:\"1240,1024,778,480\",\n\t\t\t\t\t\t\t\tprogressBar:{disableProgressBar:true},\n\t\t\t\t\t\t\t\tnavigation: {\n\t\t\t\t\t\t\t\t\tonHoverStop:false\n\t\t\t\t\t\t\t\t},\n\t\t\t\t\t\t\t\tfallbacks: {\n\t\t\t\t\t\t\t\t\tallowHTML5AutoPlayOnAndroid:true\n\t\t\t\t\t\t\t\t},\n\t\t\t\t\t\t\t});\n\t\t\t\t\t\t}\n\t\t\t\t\t\t\n\t\t\t\t\t});\n\t\t\t\t\t} \/\/ End of RevInitScript\n\t\t\t\tvar once_revslider131 = false;\n\t\t\t\tif (document.readyState === \"loading\") {document.addEventListener('readystatechange',function() { if((document.readyState === \"interactive\" || document.readyState === \"complete\") && !once_revslider131 ) { once_revslider131 = true; revinit_revslider131();}});} else {once_revslider131 = true; revinit_revslider131();}\n\t\t\t\t<\/script>\n\t\t\t<\/rs-module-wrap>\n\t\t\t<!-- END REVOLUTION SLIDER -->\n<\/div>\r\n\r\n\t\t\t\t<\/div>\n\t\t\t\t<\/div>\n\t\t\t\t\t\t<\/div>\n\t\t\t\t\t<\/div>\n\t\t<\/div>\n\t\t\t\t\t\t\t\t<\/div>\n\t\t\t\t\t<\/div>\n\t\t<\/section>\n\t\t\t\t<section class=\"elementor-section elementor-top-section elementor-element elementor-element-41e345a elementor-section-boxed elementor-section-height-default elementor-section-height-default gs-locked-section-no\" data-id=\"41e345a\" data-element_type=\"section\">\n\t\t\t\t\t\t<div class=\"elementor-container elementor-column-gap-default\">\n\t\t\t\t\t\t\t<div class=\"elementor-row\">\n\t\t\t\t\t<div class=\"elementor-column elementor-col-100 elementor-top-column elementor-element elementor-element-7182e72\" data-id=\"7182e72\" data-element_type=\"column\">\n\t\t\t<div class=\"elementor-column-wrap\">\n\t\t\t\t\t\t\t<div class=\"elementor-widget-wrap\">\n\t\t\t\t\t\t\t\t<\/div>\n\t\t\t\t\t<\/div>\n\t\t<\/div>\n\t\t\t\t\t\t\t\t<\/div>\n\t\t\t\t\t<\/div>\n\t\t<\/section>\n\t\t\t\t\t\t<\/div>\n\t\t\t\t\t\t<\/div>\n\t\t\t\t\t<\/div>\n\t\t","protected":false},"excerpt":{"rendered":"<p>\u0160ematski prikaz osnove stambenog objekta na slici prikazuje polo\u017eaj tipskih stanova u samom objektu. Na njemu se nalazi 12 polja: Svako polje ozna\u010dava&#8230;<\/p>\n","protected":false},"author":1,"featured_media":0,"parent":0,"menu_order":0,"comment_status":"closed","ping_status":"closed","template":"","meta":[],"yoast_head":"<!-- This site is optimized with the Yoast SEO plugin v18.0 - https:\/\/yoast.com\/wordpress\/plugins\/seo\/ -->\n<title>Faza 1 - Bella Vista<\/title>\n<meta name=\"description\" content=\"Prodaja stanova Beograd, Mirijevo, Prodaja stanova Mirijevo, Prodaja stanova\" \/>\n<meta name=\"robots\" content=\"index, follow, max-snippet:-1, max-image-preview:large, max-video-preview:-1\" \/>\n<link rel=\"canonical\" href=\"https:\/\/bellavista.rs\/index.php\/faza-1-2\/\" \/>\n<meta property=\"og:locale\" content=\"en_US\" \/>\n<meta property=\"og:type\" content=\"article\" \/>\n<meta property=\"og:title\" content=\"Faza 1 - Bella Vista\" \/>\n<meta property=\"og:description\" content=\"Prodaja stanova Beograd, Mirijevo, Prodaja stanova Mirijevo, Prodaja stanova\" \/>\n<meta property=\"og:url\" content=\"https:\/\/bellavista.rs\/index.php\/faza-1-2\/\" \/>\n<meta property=\"og:site_name\" content=\"Bella Vista\" \/>\n<meta property=\"article:modified_time\" content=\"2021-02-19T19:27:20+00:00\" \/>\n<meta name=\"twitter:card\" content=\"summary_large_image\" \/>\n<meta name=\"twitter:label1\" content=\"Est. reading time\" \/>\n\t<meta name=\"twitter:data1\" content=\"1 minute\" \/>\n<script type=\"application\/ld+json\" class=\"yoast-schema-graph\">{\"@context\":\"https:\/\/schema.org\",\"@graph\":[{\"@type\":\"Organization\",\"@id\":\"https:\/\/bellavista.rs\/#organization\",\"name\":\"Bella Vista\",\"url\":\"https:\/\/bellavista.rs\/\",\"sameAs\":[],\"logo\":{\"@type\":\"ImageObject\",\"@id\":\"https:\/\/bellavista.rs\/#logo\",\"inLanguage\":\"en-US\",\"url\":\"https:\/\/bellavista.rs\/wp-content\/uploads\/2020\/08\/BELLA-VISTA-logo.png\",\"contentUrl\":\"https:\/\/bellavista.rs\/wp-content\/uploads\/2020\/08\/BELLA-VISTA-logo.png\",\"width\":1247,\"height\":600,\"caption\":\"Bella Vista\"},\"image\":{\"@id\":\"https:\/\/bellavista.rs\/#logo\"}},{\"@type\":\"WebSite\",\"@id\":\"https:\/\/bellavista.rs\/#website\",\"url\":\"https:\/\/bellavista.rs\/\",\"name\":\"Bella Vista\",\"description\":\"Bella Vista\",\"publisher\":{\"@id\":\"https:\/\/bellavista.rs\/#organization\"},\"potentialAction\":[{\"@type\":\"SearchAction\",\"target\":{\"@type\":\"EntryPoint\",\"urlTemplate\":\"https:\/\/bellavista.rs\/?s={search_term_string}\"},\"query-input\":\"required name=search_term_string\"}],\"inLanguage\":\"en-US\"},{\"@type\":\"WebPage\",\"@id\":\"https:\/\/bellavista.rs\/index.php\/faza-1-2\/#webpage\",\"url\":\"https:\/\/bellavista.rs\/index.php\/faza-1-2\/\",\"name\":\"Faza 1 - Bella Vista\",\"isPartOf\":{\"@id\":\"https:\/\/bellavista.rs\/#website\"},\"datePublished\":\"2021-01-15T20:48:20+00:00\",\"dateModified\":\"2021-02-19T19:27:20+00:00\",\"description\":\"Prodaja stanova Beograd, Mirijevo, Prodaja stanova Mirijevo, Prodaja stanova\",\"breadcrumb\":{\"@id\":\"https:\/\/bellavista.rs\/index.php\/faza-1-2\/#breadcrumb\"},\"inLanguage\":\"en-US\",\"potentialAction\":[{\"@type\":\"ReadAction\",\"target\":[\"https:\/\/bellavista.rs\/index.php\/faza-1-2\/\"]}]},{\"@type\":\"BreadcrumbList\",\"@id\":\"https:\/\/bellavista.rs\/index.php\/faza-1-2\/#breadcrumb\",\"itemListElement\":[{\"@type\":\"ListItem\",\"position\":1,\"name\":\"Home\",\"item\":\"https:\/\/bellavista.rs\/\"},{\"@type\":\"ListItem\",\"position\":2,\"name\":\"Faza 1\"}]}]}<\/script>\n<!-- \/ Yoast SEO plugin. -->","yoast_head_json":{"title":"Faza 1 - Bella Vista","description":"Prodaja stanova Beograd, Mirijevo, Prodaja stanova Mirijevo, Prodaja stanova","robots":{"index":"index","follow":"follow","max-snippet":"max-snippet:-1","max-image-preview":"max-image-preview:large","max-video-preview":"max-video-preview:-1"},"canonical":"https:\/\/bellavista.rs\/index.php\/faza-1-2\/","og_locale":"en_US","og_type":"article","og_title":"Faza 1 - Bella Vista","og_description":"Prodaja stanova Beograd, Mirijevo, Prodaja stanova Mirijevo, Prodaja stanova","og_url":"https:\/\/bellavista.rs\/index.php\/faza-1-2\/","og_site_name":"Bella Vista","article_modified_time":"2021-02-19T19:27:20+00:00","twitter_card":"summary_large_image","twitter_misc":{"Est. reading time":"1 minute"},"schema":{"@context":"https:\/\/schema.org","@graph":[{"@type":"Organization","@id":"https:\/\/bellavista.rs\/#organization","name":"Bella Vista","url":"https:\/\/bellavista.rs\/","sameAs":[],"logo":{"@type":"ImageObject","@id":"https:\/\/bellavista.rs\/#logo","inLanguage":"en-US","url":"https:\/\/bellavista.rs\/wp-content\/uploads\/2020\/08\/BELLA-VISTA-logo.png","contentUrl":"https:\/\/bellavista.rs\/wp-content\/uploads\/2020\/08\/BELLA-VISTA-logo.png","width":1247,"height":600,"caption":"Bella Vista"},"image":{"@id":"https:\/\/bellavista.rs\/#logo"}},{"@type":"WebSite","@id":"https:\/\/bellavista.rs\/#website","url":"https:\/\/bellavista.rs\/","name":"Bella Vista","description":"Bella Vista","publisher":{"@id":"https:\/\/bellavista.rs\/#organization"},"potentialAction":[{"@type":"SearchAction","target":{"@type":"EntryPoint","urlTemplate":"https:\/\/bellavista.rs\/?s={search_term_string}"},"query-input":"required name=search_term_string"}],"inLanguage":"en-US"},{"@type":"WebPage","@id":"https:\/\/bellavista.rs\/index.php\/faza-1-2\/#webpage","url":"https:\/\/bellavista.rs\/index.php\/faza-1-2\/","name":"Faza 1 - Bella Vista","isPartOf":{"@id":"https:\/\/bellavista.rs\/#website"},"datePublished":"2021-01-15T20:48:20+00:00","dateModified":"2021-02-19T19:27:20+00:00","description":"Prodaja stanova Beograd, Mirijevo, Prodaja stanova Mirijevo, Prodaja stanova","breadcrumb":{"@id":"https:\/\/bellavista.rs\/index.php\/faza-1-2\/#breadcrumb"},"inLanguage":"en-US","potentialAction":[{"@type":"ReadAction","target":["https:\/\/bellavista.rs\/index.php\/faza-1-2\/"]}]},{"@type":"BreadcrumbList","@id":"https:\/\/bellavista.rs\/index.php\/faza-1-2\/#breadcrumb","itemListElement":[{"@type":"ListItem","position":1,"name":"Home","item":"https:\/\/bellavista.rs\/"},{"@type":"ListItem","position":2,"name":"Faza 1"}]}]}},"_links":{"self":[{"href":"https:\/\/bellavista.rs\/index.php\/wp-json\/wp\/v2\/pages\/2402"}],"collection":[{"href":"https:\/\/bellavista.rs\/index.php\/wp-json\/wp\/v2\/pages"}],"about":[{"href":"https:\/\/bellavista.rs\/index.php\/wp-json\/wp\/v2\/types\/page"}],"author":[{"embeddable":true,"href":"https:\/\/bellavista.rs\/index.php\/wp-json\/wp\/v2\/users\/1"}],"replies":[{"embeddable":true,"href":"https:\/\/bellavista.rs\/index.php\/wp-json\/wp\/v2\/comments?post=2402"}],"version-history":[{"count":65,"href":"https:\/\/bellavista.rs\/index.php\/wp-json\/wp\/v2\/pages\/2402\/revisions"}],"predecessor-version":[{"id":3522,"href":"https:\/\/bellavista.rs\/index.php\/wp-json\/wp\/v2\/pages\/2402\/revisions\/3522"}],"wp:attachment":[{"href":"https:\/\/bellavista.rs\/index.php\/wp-json\/wp\/v2\/media?parent=2402"}],"curies":[{"name":"wp","href":"https:\/\/api.w.org\/{rel}","templated":true}]}}